{"id":20,"date":"2025-01-09T16:34:23","date_gmt":"2025-01-09T16:34:23","guid":{"rendered":"https:\/\/alltagsesoterik.at\/?page_id=20"},"modified":"2025-01-14T18:16:33","modified_gmt":"2025-01-14T18:16:33","slug":"kontakt","status":"publish","type":"page","link":"https:\/\/alltagsesoterik.at\/index.php\/kontakt\/","title":{"rendered":"Kontakt"},"content":{"rendered":"<p><iframe src=\"https:\/\/www.google.com\/maps\/embed?pb=!1m18!1m12!1m3!1d857.1452015761981!2d16.52445097126591!3d47.84647109809609!2m3!1f0!2f0!3f0!3m2!1i1024!2i768!4f13.1!3m3!1m2!1s0x476c4826713126b7%3A0xf5d5756a87d65877!2sHauptstra%C3%9Fe%2040%2C%207000%20Eisenstadt%2C%20Ausztria!5e1!3m2!1shu!2shu!4v1736877998746!5m2!1shu!2shu\" width=\"600\" height=\"450\" style=\"border:0;\" allowfullscreen=\"\" loading=\"lazy\" referrerpolicy=\"no-referrer-when-downgrade\"><\/iframe><\/p>\n<p><strong>ALLTAGSESOTERIK EISENSTADT<\/strong><\/p>\n<p>Hauptstra\u00dfe 40, 7000 Eisenstadt<br \/>(direkt in der Fu\u00dfg\u00e4ngerzone)<\/p>\n<p><strong>Telefon und E-Mail<\/strong><\/p>\n<p>+436641381001<\/p>\n<p>info@alltagsesoterik.at<\/p>\n<p><strong>Facebook, Instagram:<\/strong><\/p>\n<p>Facebook: Alltagsesoterik Eisenstadt Instagram: alltagsesoterik<\/p>\n<p><strong>\u00d6ffnungszeiten:<\/strong><\/p>\n<p>Montag-Samstag 10:00-18:00 Uhr<\/p>\n","protected":false},"excerpt":{"rendered":"<p>ALLTAGSESOTERIK EISENSTADT Hauptstra\u00dfe 40, 7000 Eisenstadt(direkt in der Fu\u00dfg\u00e4ngerzone) Telefon und E-Mail +436641381001 info@alltagsesoterik.at Facebook, Instagram: Facebook: Alltagsesoterik Eisenstadt Instagram: alltagsesoterik \u00d6ffnungszeiten: Montag-Samstag 10:00-18:00&#8230;<\/p>\n","protected":false},"author":1,"featured_media":0,"parent":0,"menu_order":0,"comment_status":"closed","ping_status":"closed","template":"","meta":{"_acf_changed":false,"footnotes":""},"class_list":["post-20","page","type-page","status-publish","hentry"],"acf":[],"_links":{"self":[{"href":"https:\/\/alltagsesoterik.at\/index.php\/wp-json\/wp\/v2\/pages\/20","targetHints":{"allow":["GET"]}}],"collection":[{"href":"https:\/\/alltagsesoterik.at\/index.php\/wp-json\/wp\/v2\/pages"}],"about":[{"href":"https:\/\/alltagsesoterik.at\/index.php\/wp-json\/wp\/v2\/types\/page"}],"author":[{"embeddable":true,"href":"https:\/\/alltagsesoterik.at\/index.php\/wp-json\/wp\/v2\/users\/1"}],"replies":[{"embeddable":true,"href":"https:\/\/alltagsesoterik.at\/index.php\/wp-json\/wp\/v2\/comments?post=20"}],"version-history":[{"count":6,"href":"https:\/\/alltagsesoterik.at\/index.php\/wp-json\/wp\/v2\/pages\/20\/revisions"}],"predecessor-version":[{"id":116,"href":"https:\/\/alltagsesoterik.at\/index.php\/wp-json\/wp\/v2\/pages\/20\/revisions\/116"}],"wp:attachment":[{"href":"https:\/\/alltagsesoterik.at\/index.php\/wp-json\/wp\/v2\/media?parent=20"}],"curies":[{"name":"wp","href":"https:\/\/api.w.org\/{rel}","templated":true}]}}