{"id":1677,"date":"2026-03-27T14:32:22","date_gmt":"2026-03-27T14:32:22","guid":{"rendered":"https:\/\/alltagsesoterik.at\/?page_id=1677"},"modified":"2026-03-30T13:59:07","modified_gmt":"2026-03-30T13:59:07","slug":"widerrufsbelehrung","status":"publish","type":"page","link":"https:\/\/alltagsesoterik.at\/index.php\/widerrufsbelehrung\/","title":{"rendered":"Widerrufsbelehrung"},"content":{"rendered":"\t\t<div data-elementor-type=\"wp-page\" data-elementor-id=\"1677\" class=\"elementor elementor-1677\" data-elementor-post-type=\"page\">\n\t\t\t\t<div class=\"elementor-element elementor-element-f6b78c3 e-flex e-con-boxed e-con e-parent\" data-id=\"f6b78c3\" data-element_type=\"container\" data-e-type=\"container\">\n\t\t\t\t\t<div class=\"e-con-inner\">\n\t\t\t\t<div class=\"elementor-element elementor-element-f7bb10f elementor-widget elementor-widget-heading\" data-id=\"f7bb10f\" data-element_type=\"widget\" data-e-type=\"widget\" data-widget_type=\"heading.default\">\n\t\t\t\t\t<h2 class=\"elementor-heading-title elementor-size-default\">Widerrufsrecht<\/h2>\t\t\t\t<\/div>\n\t\t\t\t\t<\/div>\n\t\t\t\t<\/div>\n\t\t<div class=\"elementor-element elementor-element-1211172 e-flex e-con-boxed e-con e-parent\" data-id=\"1211172\" data-element_type=\"container\" data-e-type=\"container\">\n\t\t\t\t\t<div class=\"e-con-inner\">\n\t\t\t\t<div class=\"elementor-element elementor-element-67777a8 elementor-widget elementor-widget-text-editor\" data-id=\"67777a8\" data-element_type=\"widget\" data-e-type=\"widget\" data-widget_type=\"text-editor.default\">\n\t\t\t\t\t\t\t\t\t<p>Verbraucher haben das Recht, binnen vierzehn Tagen ohne Angabe von Gr\u00fcnden diesen Vertrag zu widerrufen.<\/p><p>Die Widerrufsfrist betr\u00e4gt vierzehn Tage ab dem Tag:<\/p><ul><li>an dem Sie oder ein von Ihnen benannter Dritter, der nicht der Bef\u00f6rderer ist, die Waren in Besitz genommen haben,<\/li><li>bei Teillieferungen: an dem die letzte Ware erhalten wurde.<\/li><\/ul><p>Um Ihr Widerrufsrecht auszu\u00fcben, m\u00fcssen Sie uns:<\/p><p><b>Einzelunternehmer Zoltan Gellert<\/b><br \/><b>7012 Zagersdorf, Hauptstra\u00dfe 90.<\/b><br data-start=\"890\" data-end=\"893\" \/><strong data-start=\"908\" data-end=\"920\">\u00d6sterreich\u00a0<\/strong><br \/><b>Email:\u00a0<\/b><b>info@<\/b><span style=\"font-weight: bold;\">alltagsesoterik.at<\/span><\/p><p>mittels einer eindeutigen Erkl\u00e4rung (z.B. E-Mail oder Brief) \u00fcber Ihren Entschluss informieren.<\/p><p>Sie k\u00f6nnen daf\u00fcr das unten stehende Muster-Widerrufsformular verwenden, welches jedoch nicht vorgeschrieben ist.<\/p><p>Zur Wahrung der Frist reicht es aus, dass Sie die Mitteilung vor Ablauf der Frist absenden.<\/p><p><b>Folgen des Widerrufs<\/b><\/p><p>Wenn Sie diesen Vertrag widerrufen, haben wir Ihnen alle Zahlungen, die wir von Ihnen erhalten haben (mit Ausnahme der zus\u00e4tzlichen Kosten, die sich daraus ergeben, dass Sie eine andere Art der Lieferung als die g\u00fcnstigste Standardlieferung gew\u00e4hlt haben), unverz\u00fcglich und sp\u00e4testens binnen vierzehn Tagen zur\u00fcckzuzahlen.<\/p><p>F\u00fcr diese R\u00fcckzahlung verwenden wir dasselbe Zahlungsmittel, das Sie bei der urspr\u00fcnglichen Transaktion eingesetzt haben, es sei denn, es wurde ausdr\u00fccklich etwas anderes vereinbart.<\/p><p>Wir k\u00f6nnen die R\u00fcckzahlung verweigern, bis wir die Waren wieder zur\u00fcckerhalten haben oder bis Sie den Nachweis erbracht haben, dass Sie die Waren zur\u00fcckgesendet haben.<\/p><p><b>R\u00fccksendung der Waren<\/b><\/p><p>Sie haben die Waren unverz\u00fcglich und sp\u00e4testens binnen vierzehn Tagen ab dem Tag, an dem Sie uns \u00fcber den Widerruf informieren, zur\u00fcckzusenden an:<\/p><p><span style=\"font-weight: bold;\">Einzelunternehmer Zoltan Gellert<\/span><br \/><span style=\"font-weight: bold;\">7012 Zagersdorf, Hauptstra\u00dfe 90.<\/span><br data-start=\"890\" data-end=\"893\" \/><strong data-start=\"908\" data-end=\"920\">\u00d6sterreich\u00a0<\/strong><\/p><p>Die Frist ist gewahrt, wenn Sie die Waren vor Ablauf der Frist absenden.<\/p><p><b>Kosten der R\u00fccksendung<\/b><\/p><p>[ V\u00e1lassz egyet ]<\/p><p>Wir tragen die Kosten der R\u00fccksendung.<\/p><p><b>Wertersatz<\/b><\/p><p>Sie m\u00fcssen f\u00fcr einen etwaigen Wertverlust der Waren nur aufkommen, wenn dieser auf einen zur Pr\u00fcfung der Beschaffenheit, Eigenschaften und Funktionsweise nicht notwendigen Umgang zur\u00fcckzuf\u00fchren ist.<\/p><p><b>Ausschluss des Widerrufsrechts<\/b><\/p><p>Das Widerrufsrecht besteht nicht bei:<\/p><ul><li>individuell angefertigten Produkten<\/li><li>personalisierten Waren<\/li><li>versiegelten Waren die aus Hygienegr\u00fcnden nicht zur R\u00fcckgabe geeignet sind, wenn die Versiegelung entfernt wurde<\/li><li>digitalen Produkten nach Beginn des Downloads<\/li><li>energetisch individuell programmierten spirituellen Produkten (falls zutreffend)<\/li><\/ul>\t\t\t\t\t\t\t\t<\/div>\n\t\t\t\t\t<\/div>\n\t\t\t\t<\/div>\n\t\t\t\t<\/div>\n\t\t","protected":false},"excerpt":{"rendered":"<p>Widerrufsrecht Verbraucher haben das Recht, binnen vierzehn Tagen ohne Angabe von Gr\u00fcnden diesen Vertrag zu widerrufen. Die Widerrufsfrist betr\u00e4gt vierzehn Tage ab dem Tag:&#8230;<\/p>\n","protected":false},"author":3,"featured_media":0,"parent":0,"menu_order":0,"comment_status":"closed","ping_status":"closed","template":"","meta":{"_acf_changed":false,"footnotes":""},"class_list":["post-1677","page","type-page","status-publish","hentry"],"acf":[],"_links":{"self":[{"href":"https:\/\/alltagsesoterik.at\/index.php\/wp-json\/wp\/v2\/pages\/1677","targetHints":{"allow":["GET"]}}],"collection":[{"href":"https:\/\/alltagsesoterik.at\/index.php\/wp-json\/wp\/v2\/pages"}],"about":[{"href":"https:\/\/alltagsesoterik.at\/index.php\/wp-json\/wp\/v2\/types\/page"}],"author":[{"embeddable":true,"href":"https:\/\/alltagsesoterik.at\/index.php\/wp-json\/wp\/v2\/users\/3"}],"replies":[{"embeddable":true,"href":"https:\/\/alltagsesoterik.at\/index.php\/wp-json\/wp\/v2\/comments?post=1677"}],"version-history":[{"count":22,"href":"https:\/\/alltagsesoterik.at\/index.php\/wp-json\/wp\/v2\/pages\/1677\/revisions"}],"predecessor-version":[{"id":1815,"href":"https:\/\/alltagsesoterik.at\/index.php\/wp-json\/wp\/v2\/pages\/1677\/revisions\/1815"}],"wp:attachment":[{"href":"https:\/\/alltagsesoterik.at\/index.php\/wp-json\/wp\/v2\/media?parent=1677"}],"curies":[{"name":"wp","href":"https:\/\/api.w.org\/{rel}","templated":true}]}}