{"id":1645,"date":"2026-03-19T14:54:05","date_gmt":"2026-03-19T14:54:05","guid":{"rendered":"https:\/\/alltagsesoterik.at\/?page_id=1645"},"modified":"2026-03-27T14:30:23","modified_gmt":"2026-03-27T14:30:23","slug":"impressum-2","status":"publish","type":"page","link":"https:\/\/alltagsesoterik.at\/index.php\/impressum-2\/","title":{"rendered":"Impressum"},"content":{"rendered":"\t\t<div data-elementor-type=\"wp-page\" data-elementor-id=\"1645\" class=\"elementor elementor-1645\" data-elementor-post-type=\"page\">\n\t\t\t\t<div class=\"elementor-element elementor-element-6fed0cdd e-flex e-con-boxed e-con e-parent\" data-id=\"6fed0cdd\" data-element_type=\"container\" data-e-type=\"container\">\n\t\t\t\t\t<div class=\"e-con-inner\">\n\t\t\t\t<div class=\"elementor-element elementor-element-288e09bc elementor-widget elementor-widget-text-editor\" data-id=\"288e09bc\" data-element_type=\"widget\" data-e-type=\"widget\" data-widget_type=\"text-editor.default\">\n\t\t\t\t\t\t\t\t\t\n<pre id=\"tw-target-text\" class=\"wp-block-preformatted\"><\/pre>\n\n\n\n<p><\/p>\n\t\t\t\t\t\t\t\t<\/div>\n\t\t\t\t\t<\/div>\n\t\t\t\t<\/div>\n\t\t<div class=\"elementor-element elementor-element-cc84de8 e-flex e-con-boxed e-con e-parent\" data-id=\"cc84de8\" data-element_type=\"container\" data-e-type=\"container\">\n\t\t\t\t\t<div class=\"e-con-inner\">\n\t\t\t\t<div class=\"elementor-element elementor-element-0e34667 elementor-widget elementor-widget-heading\" data-id=\"0e34667\" data-element_type=\"widget\" data-e-type=\"widget\" data-widget_type=\"heading.default\">\n\t\t\t\t\t<h2 class=\"elementor-heading-title elementor-size-default\">Impressum<\/h2>\t\t\t\t<\/div>\n\t\t\t\t\t<\/div>\n\t\t\t\t<\/div>\n\t\t<div class=\"elementor-element elementor-element-9cb2e6c e-flex e-con-boxed e-con e-parent\" data-id=\"9cb2e6c\" data-element_type=\"container\" data-e-type=\"container\">\n\t\t\t\t\t<div class=\"e-con-inner\">\n\t\t\t\t<div class=\"elementor-element elementor-element-f27c0fd elementor-widget elementor-widget-text-editor\" data-id=\"f27c0fd\" data-element_type=\"widget\" data-e-type=\"widget\" data-widget_type=\"text-editor.default\">\n\t\t\t\t\t\t\t\t\t<p>Firmenname:&nbsp;<span style=\"font-weight: bold;\">Einzelunternehmer Zoltan Gellert<\/span><br>Inhaber:&nbsp;<span style=\"font-weight: bold;\">Zoltan Gellert<\/span><br>Adresse:&nbsp;<span style=\"font-weight: bold;\">7012 Zagersdorf, Hauptstra\u00dfe 90.&nbsp;<\/span><strong data-start=\"908\" data-end=\"920\">\u00d6sterreich&nbsp;<br><\/strong>Email:&nbsp;<span style=\"font-weight: bold;\">info@<\/span><span style=\"font-weight: bold;\">alltagsesoterik.at<br><\/span>Telefon:&nbsp;+43 664 1381001<br>UID:&nbsp;ATU69165128<br>Gewerbebeh\u00f6rde:&nbsp;Gewerbeamt der Stadt Eisenstadt \/ BH Eisenstadt-Umgebung<br>Mitglied der WKO<\/p>\t\t\t\t\t\t\t\t<\/div>\n\t\t\t\t\t<\/div>\n\t\t\t\t<\/div>\n\t\t\t\t<\/div>\n\t\t","protected":false},"excerpt":{"rendered":"<p>Impressum Firmenname:&nbsp;Einzelunternehmer Zoltan GellertInhaber:&nbsp;Zoltan GellertAdresse:&nbsp;7012 Zagersdorf, Hauptstra\u00dfe 90.&nbsp;\u00d6sterreich&nbsp;Email:&nbsp;info@alltagsesoterik.atTelefon:&nbsp;+43 664 1381001UID:&nbsp;ATU69165128Gewerbebeh\u00f6rde:&nbsp;Gewerbeamt der Stadt Eisenstadt \/ BH Eisenstadt-UmgebungMitglied der WKO<\/p>\n","protected":false},"author":3,"featured_media":0,"parent":0,"menu_order":0,"comment_status":"closed","ping_status":"closed","template":"","meta":{"_acf_changed":false,"footnotes":""},"class_list":["post-1645","page","type-page","status-publish","hentry"],"acf":[],"_links":{"self":[{"href":"https:\/\/alltagsesoterik.at\/index.php\/wp-json\/wp\/v2\/pages\/1645","targetHints":{"allow":["GET"]}}],"collection":[{"href":"https:\/\/alltagsesoterik.at\/index.php\/wp-json\/wp\/v2\/pages"}],"about":[{"href":"https:\/\/alltagsesoterik.at\/index.php\/wp-json\/wp\/v2\/types\/page"}],"author":[{"embeddable":true,"href":"https:\/\/alltagsesoterik.at\/index.php\/wp-json\/wp\/v2\/users\/3"}],"replies":[{"embeddable":true,"href":"https:\/\/alltagsesoterik.at\/index.php\/wp-json\/wp\/v2\/comments?post=1645"}],"version-history":[{"count":16,"href":"https:\/\/alltagsesoterik.at\/index.php\/wp-json\/wp\/v2\/pages\/1645\/revisions"}],"predecessor-version":[{"id":1676,"href":"https:\/\/alltagsesoterik.at\/index.php\/wp-json\/wp\/v2\/pages\/1645\/revisions\/1676"}],"wp:attachment":[{"href":"https:\/\/alltagsesoterik.at\/index.php\/wp-json\/wp\/v2\/media?parent=1645"}],"curies":[{"name":"wp","href":"https:\/\/api.w.org\/{rel}","templated":true}]}}