{"id":1457,"date":"2026-03-10T14:46:29","date_gmt":"2026-03-10T14:46:29","guid":{"rendered":"https:\/\/alltagsesoterik.at\/?page_id=1457"},"modified":"2026-03-30T14:01:01","modified_gmt":"2026-03-30T14:01:01","slug":"agb","status":"publish","type":"page","link":"https:\/\/alltagsesoterik.at\/index.php\/agb\/","title":{"rendered":"AGB"},"content":{"rendered":"\t\t<div data-elementor-type=\"wp-page\" data-elementor-id=\"1457\" class=\"elementor elementor-1457\" data-elementor-post-type=\"page\">\n\t\t\t\t<div class=\"elementor-element elementor-element-55fcf97 e-flex e-con-boxed e-con e-parent\" data-id=\"55fcf97\" data-element_type=\"container\" data-e-type=\"container\">\n\t\t\t\t\t<div class=\"e-con-inner\">\n\t\t\t\t<div class=\"elementor-element elementor-element-821eca7 elementor-widget elementor-widget-text-editor\" data-id=\"821eca7\" data-element_type=\"widget\" data-e-type=\"widget\" data-widget_type=\"text-editor.default\">\n\t\t\t\t\t\t\t\t\t<h1 data-section-id=\"nerbhd\" data-start=\"677\" data-end=\"716\">Allgemeine Gesch\u00e4ftsbedingungen (AGB)<\/h1><p data-start=\"718\" data-end=\"736\"><strong data-start=\"718\" data-end=\"728\">Stand:<\/strong> [D\u00e1tum]<\/p><h2 data-section-id=\"1yhkycd\" data-start=\"738\" data-end=\"759\">1. Geltungsbereich<\/h2><p data-start=\"761\" data-end=\"864\">1.1 Diese Allgemeinen Gesch\u00e4ftsbedingungen (AGB) gelten f\u00fcr alle Bestellungen, die \u00fcber den Online-Shop<\/p><p data-start=\"866\" data-end=\"936\"><span data-start=\"881\" data-end=\"890\"><b>Einzelunternehmer Zoltan Gellert<\/b><br \/><\/span><b>7012 Zagersdorf, Hauptstra\u00dfe 90.<\/b><br data-start=\"890\" data-end=\"893\" \/><strong data-start=\"908\" data-end=\"920\">\u00d6sterreich\u00a0<br \/><\/strong><b>info@<\/b><span style=\"font-weight: bold;\">alltagsesoterik.at<br \/>alltagsesoterik.at<br \/><\/span><b><\/b><\/p><p data-start=\"938\" data-end=\"984\">(nachfolgend \u201eAnbieter\u201c) abgeschlossen werden.<\/p><p data-start=\"986\" data-end=\"1126\">1.2 Kunden im Sinne dieser AGB sind sowohl Verbraucher als auch Unternehmer im Sinne des \u00f6sterreichischen Konsumentenschutzgesetzes (KSchG).<\/p><p data-start=\"1128\" data-end=\"1259\">1.3 Abweichende Bedingungen des Kunden werden nicht anerkannt, es sei denn, der Anbieter stimmt diesen ausdr\u00fccklich schriftlich zu.<\/p><h2 data-section-id=\"9t5c6i\" data-start=\"1266\" data-end=\"1287\">2. Vertragsschluss<\/h2><p data-start=\"1289\" data-end=\"1381\">2.1 Die Darstellung der Produkte im Online-Shop stellt kein rechtlich bindendes Angebot dar.<\/p><p data-start=\"1383\" data-end=\"1523\">2.2 Durch Anklicken des Buttons <strong data-start=\"1415\" data-end=\"1433\">\u201eJetzt kaufen&#8221;<\/strong> gibt der Kunde ein verbindliches Angebot zum Kauf der im Warenkorb befindlichen Waren ab.<\/p><p data-start=\"1525\" data-end=\"1659\">2.3 Nach Eingang der Bestellung erh\u00e4lt der Kunde eine automatische Bestellbest\u00e4tigung per E-Mail. Diese stellt noch keine Annahme dar.<\/p><p data-start=\"1661\" data-end=\"1755\">2.4 Der Vertrag kommt erst mit Versand der Auftragsbest\u00e4tigung oder Versand der Ware zustande.<\/p><p data-start=\"1757\" data-end=\"1789\">2.5 Vertragssprache ist Deutsch.<\/p><h2 data-section-id=\"1dnr0hd\" data-start=\"1796\" data-end=\"1825\">3. Produkte und Leistungen<\/h2><p data-start=\"1827\" data-end=\"1910\">3.1 Der Anbieter verkauft spirituelle, esoterische und energetische Produkte (z.B.:<\/p><ul data-start=\"1912\" data-end=\"2018\"><li data-section-id=\"1402kpo\" data-start=\"1912\" data-end=\"1925\"><p data-start=\"1914\" data-end=\"1925\">R\u00e4ucherwerk<\/p><\/li><li data-section-id=\"fshvgb\" data-start=\"1926\" data-end=\"1937\"><p data-start=\"1928\" data-end=\"1937\">Kristalle<\/p><\/li><li data-section-id=\"ygfo4z\" data-start=\"1938\" data-end=\"1951\"><p data-start=\"1940\" data-end=\"1951\">Tarotkarten<\/p><\/li><li data-section-id=\"bi0lzv\" data-start=\"1952\" data-end=\"1975\"><p data-start=\"1954\" data-end=\"1975\">spirituelle Werkzeuge<\/p><\/li><li data-section-id=\"fxne0g\" data-start=\"1976\" data-end=\"1999\"><p data-start=\"1978\" data-end=\"1999\">energetische Produkte<\/p><\/li><li data-section-id=\"nkzzpg\" data-start=\"2000\" data-end=\"2018\"><p data-start=\"2002\" data-end=\"2018\">digitale Inhalte<\/p><\/li><\/ul><p data-start=\"2020\" data-end=\"2022\">).<\/p><p data-start=\"2024\" data-end=\"2182\">3.2 Alle Produkte dienen ausschlie\u00dflich zu spirituellen oder dekorativen Zwecken. Es werden <strong data-start=\"2116\" data-end=\"2181\">keine medizinischen oder therapeutischen Wirkungen garantiert<\/strong>.<\/p><p data-start=\"2184\" data-end=\"2276\">3.3 Die angebotenen Produkte ersetzen <strong data-start=\"2222\" data-end=\"2275\">keine medizinische oder psychologische Behandlung<\/strong>.<\/p><h2 data-section-id=\"17weh1j\" data-start=\"2283\" data-end=\"2295\">4. Preise<\/h2><p data-start=\"2297\" data-end=\"2379\">4.1 Alle Preise sind Endpreise in Euro und enthalten die gesetzliche Umsatzsteuer.<\/p><p data-start=\"2381\" data-end=\"2428\">4.2 Versandkosten werden gesondert ausgewiesen.<\/p><p data-start=\"2430\" data-end=\"2481\">4.3 Es gilt der Preis zum Zeitpunkt der Bestellung.<\/p><h2 data-section-id=\"19y79i5\" data-start=\"2488\" data-end=\"2501\">5. Zahlung<\/h2><p data-start=\"2503\" data-end=\"2548\">5.1 Folgende Zahlungsarten werden akzeptiert:<\/p><ul data-start=\"2550\" data-end=\"2619\"><li data-section-id=\"mtuxl0\" data-start=\"2550\" data-end=\"2563\"><p data-start=\"2552\" data-end=\"2563\">Kreditkarte<\/p><\/li><li data-section-id=\"366p31\" data-start=\"2564\" data-end=\"2572\"><p data-start=\"2566\" data-end=\"2572\">PayPal<\/p><\/li><li data-section-id=\"1q4w1w3\" data-start=\"2573\" data-end=\"2581\"><p data-start=\"2575\" data-end=\"2581\">Klarna<\/p><\/li><li data-section-id=\"18c1qjq\" data-start=\"2582\" data-end=\"2601\"><p data-start=\"2584\" data-end=\"2601\">Sofort\u00fcberweisung<\/p><\/li><li data-section-id=\"1fxrto3\" data-start=\"2602\" data-end=\"2619\"><p data-start=\"2604\" data-end=\"2619\">Bank\u00fcberweisung<\/p><\/li><\/ul><p data-start=\"2621\" data-end=\"2692\">5.2 Der Anbieter beh\u00e4lt sich vor einzelne Zahlungsarten auszuschlie\u00dfen.<\/p><p data-start=\"2694\" data-end=\"2730\">5.3 Der Kaufpreis ist sofort f\u00e4llig.<\/p><h2 data-section-id=\"7zwhv4\" data-start=\"2737\" data-end=\"2752\">6. Lieferung<\/h2><p data-start=\"2754\" data-end=\"2799\">6.1 Die Lieferung erfolgt an folgende L\u00e4nder: <strong data-start=\"2801\" data-end=\"2851\">\u00d6sterreich\u00a0<\/strong><\/p><p data-start=\"2853\" data-end=\"2894\">6.2 Die Lieferzeit betr\u00e4gt normalerweise:<\/p><p data-start=\"2896\" data-end=\"2919\"><strong data-start=\"2896\" data-end=\"2919\">\u00a04\u20137 Werktage<\/strong><\/p><p data-start=\"2921\" data-end=\"2992\">6.3 Sollte ein Produkt nicht verf\u00fcgbar sein, wird der Kunde informiert.<\/p><h2 data-section-id=\"8ei3cu\" data-start=\"2999\" data-end=\"3023\">7. Eigentumsvorbehalt<\/h2><p data-start=\"3025\" data-end=\"3096\">Die Ware bleibt bis zur vollst\u00e4ndigen Bezahlung Eigentum des Anbieters.<\/p><h2 data-section-id=\"8z6w04\" data-start=\"3103\" data-end=\"3123\">8. Widerrufsrecht<\/h2><p data-start=\"3125\" data-end=\"3228\">8.1 Verbraucher haben das Recht, binnen <strong data-start=\"3165\" data-end=\"3177\">14 Tagen<\/strong> ohne Angabe von Gr\u00fcnden den Vertrag zu widerrufen.<\/p><p data-start=\"3230\" data-end=\"3281\">8.2 Die Widerrufsfrist beginnt mit Erhalt der Ware.<\/p><p data-start=\"3283\" data-end=\"3318\">8.3 Der Widerruf ist zu richten an:<\/p><p data-start=\"3320\" data-end=\"3358\"><span style=\"font-weight: bold;\">Einzelunternehmer Zoltan Gellert<\/span><br \/><b>7012 Zagersdorf, Hauptstra\u00dfe 90.<\/b><br data-start=\"3344\" data-end=\"3347\" \/><strong data-start=\"3347\" data-end=\"3358\">info@alltagsesoterik.at<br \/><\/strong><\/p><p data-start=\"3360\" data-end=\"3447\">8.4 Der Kunde tr\u00e4gt die Kosten der R\u00fccksendung, sofern nichts anderes vereinbart wurde.<\/p><h2 data-section-id=\"1oebqvz\" data-start=\"3454\" data-end=\"3473\">9. R\u00fccksendungen<\/h2><p data-start=\"3475\" data-end=\"3548\">9.1 Produkte m\u00fcssen unbenutzt und originalverpackt zur\u00fcckgesendet werden.<\/p><p data-start=\"3550\" data-end=\"3587\">9.2 Vom Widerruf ausgeschlossen sind:<\/p><ul data-start=\"3589\" data-end=\"3712\"><li data-section-id=\"1kv1zhf\" data-start=\"3589\" data-end=\"3615\"><p data-start=\"3591\" data-end=\"3615\">personalisierte Produkte<\/p><\/li><li data-section-id=\"19dh4pn\" data-start=\"3616\" data-end=\"3642\"><p data-start=\"3618\" data-end=\"3642\">ge\u00f6ffnete Hygieneartikel<\/p><\/li><li data-section-id=\"rgs0ds\" data-start=\"3643\" data-end=\"3663\"><p data-start=\"3645\" data-end=\"3663\">digitale Downloads<\/p><\/li><li data-section-id=\"wx57r6\" data-start=\"3664\" data-end=\"3712\"><p data-start=\"3666\" data-end=\"3712\">individuell energetisch programmierte Produkte<\/p><h2 data-section-id=\"1eo8qvu\" data-start=\"3719\" data-end=\"3740\">10. Gew\u00e4hrleistung<\/h2><p data-start=\"3742\" data-end=\"3824\">10.1 Es gelten die gesetzlichen Gew\u00e4hrleistungsrechte nach \u00f6sterreichischem Recht.<\/p><p data-start=\"3826\" data-end=\"3864\">10.2 Die Gew\u00e4hrleistungsfrist betr\u00e4gt:<\/p><ul data-start=\"3866\" data-end=\"3910\"><li data-section-id=\"15exuwd\" data-start=\"3866\" data-end=\"3888\"><p data-start=\"3868\" data-end=\"3888\">Verbraucher: 2 Jahre<\/p><\/li><li data-section-id=\"jlqjhv\" data-start=\"3889\" data-end=\"3910\"><p data-start=\"3891\" data-end=\"3910\">Unternehmer: 1 Jahr<\/p><h2 data-section-id=\"esvf2k\" data-start=\"3917\" data-end=\"3931\">11. Haftung<\/h2><p data-start=\"3933\" data-end=\"4001\">11.1 Der Anbieter haftet nur bei Vorsatz oder grober Fahrl\u00e4ssigkeit.<\/p><p data-start=\"4003\" data-end=\"4042\">11.2 Keine Haftung wird \u00fcbernommen f\u00fcr:<\/p><ul data-start=\"4044\" data-end=\"4121\"><li data-section-id=\"fm51u0\" data-start=\"4044\" data-end=\"4069\"><p data-start=\"4046\" data-end=\"4069\">spirituelle Erwartungen<\/p><\/li><li data-section-id=\"1mx3jrn\" data-start=\"4070\" data-end=\"4096\"><p data-start=\"4072\" data-end=\"4096\">subjektive Wahrnehmungen<\/p><\/li><li data-section-id=\"149qhra\" data-start=\"4097\" data-end=\"4121\"><p data-start=\"4099\" data-end=\"4121\">energetische Wirkungen<\/p><\/li><\/ul><p data-start=\"4123\" data-end=\"4186\">11.3 Die Nutzung der Produkte erfolgt auf eigene Verantwortung.<\/p><h2 data-section-id=\"2eo1v5\" data-start=\"4193\" data-end=\"4211\">12. Datenschutz<\/h2><p data-start=\"4213\" data-end=\"4284\">12.1 Kundendaten werden ausschlie\u00dflich zur Bestellabwicklung verwendet.<\/p><p data-start=\"4286\" data-end=\"4341\">12.2 Details sind in der Datenschutzerkl\u00e4rung geregelt:<\/p><p data-start=\"4343\" data-end=\"4365\"><a href=\"https:\/\/alltagsesoterik.at\/index.php\/datenschutzerklarung\/\"><strong data-start=\"4343\" data-end=\"4365\">Datenschutz<\/strong><\/a><\/p><p><strong data-start=\"4343\" data-end=\"4365\">\u00a0<\/strong><\/p><h2 data-section-id=\"1ax75jl\" data-start=\"4372\" data-end=\"4396\">13. Anwendbares Recht<\/h2><p data-start=\"4398\" data-end=\"4469\">13.1 Es gilt \u00f6sterreichisches Recht unter Ausschluss des UN-Kaufrechts.<\/p><p data-start=\"4471\" data-end=\"4494\">13.2 Gerichtsstand ist:<\/p><p data-start=\"4496\" data-end=\"4520\"><b>Einzelunternehmer Zoltan Gellert<br style=\"font-weight: 400;\" \/>7012 Zagersdorf, Hauptstra\u00dfe 90.<\/b><\/p><p><strong data-start=\"4496\" data-end=\"4520\">\u00a0<\/strong><\/p><h2 data-section-id=\"kcn0an\" data-start=\"4527\" data-end=\"4549\">14. Streitbeilegung<\/h2><p data-start=\"4551\" data-end=\"4595\">Die EU-Plattform zur Online-Streitbeilegung:<\/p><p data-start=\"4597\" data-end=\"4632\"><a target=\"_new\" rel=\"noopener\" data-start=\"4597\" data-end=\"4632\">https:\/\/ec.europa.eu\/consumers\/odr\/<\/a><\/p><p data-start=\"4634\" data-end=\"4651\">Der Anbieter ist:<\/p><p data-start=\"4653\" data-end=\"4684\">[ ] bereit<br data-start=\"4663\" data-end=\"4666\" \/>[ ] nicht bereit<\/p><p data-start=\"4686\" data-end=\"4728\">an Streitbeilegungsverfahren teilzunehmen.<\/p><\/li><\/ul><\/li><\/ul>\t\t\t\t\t\t\t\t<\/div>\n\t\t\t\t\t<\/div>\n\t\t\t\t<\/div>\n\t\t\t\t<\/div>\n\t\t","protected":false},"excerpt":{"rendered":"<p>Allgemeine Gesch\u00e4ftsbedingungen (AGB) Stand: 1. Geltungsbereich 1.1 Diese Allgemeinen Gesch\u00e4ftsbedingungen (AGB) gelten f\u00fcr alle Bestellungen, die \u00fcber den Online-Shop Einzelunternehmer Zoltan Gellert7012 Zagersdorf, Hauptstra\u00dfe&#8230;<\/p>\n","protected":false},"author":1,"featured_media":0,"parent":0,"menu_order":0,"comment_status":"closed","ping_status":"closed","template":"","meta":{"_acf_changed":false,"footnotes":""},"class_list":["post-1457","page","type-page","status-publish","hentry"],"acf":[],"_links":{"self":[{"href":"https:\/\/alltagsesoterik.at\/index.php\/wp-json\/wp\/v2\/pages\/1457","targetHints":{"allow":["GET"]}}],"collection":[{"href":"https:\/\/alltagsesoterik.at\/index.php\/wp-json\/wp\/v2\/pages"}],"about":[{"href":"https:\/\/alltagsesoterik.at\/index.php\/wp-json\/wp\/v2\/types\/page"}],"author":[{"embeddable":true,"href":"https:\/\/alltagsesoterik.at\/index.php\/wp-json\/wp\/v2\/users\/1"}],"replies":[{"embeddable":true,"href":"https:\/\/alltagsesoterik.at\/index.php\/wp-json\/wp\/v2\/comments?post=1457"}],"version-history":[{"count":22,"href":"https:\/\/alltagsesoterik.at\/index.php\/wp-json\/wp\/v2\/pages\/1457\/revisions"}],"predecessor-version":[{"id":1822,"href":"https:\/\/alltagsesoterik.at\/index.php\/wp-json\/wp\/v2\/pages\/1457\/revisions\/1822"}],"wp:attachment":[{"href":"https:\/\/alltagsesoterik.at\/index.php\/wp-json\/wp\/v2\/media?parent=1457"}],"curies":[{"name":"wp","href":"https:\/\/api.w.org\/{rel}","templated":true}]}}